{"id":17,"date":"2025-06-19T12:52:32","date_gmt":"2025-06-19T15:52:32","guid":{"rendered":"https:\/\/soapboxorators.org\/news\/?page_id=17"},"modified":"2025-08-28T04:35:31","modified_gmt":"2025-08-28T07:35:31","slug":"editorial","status":"publish","type":"page","link":"https:\/\/soapboxorators.org\/news\/editorial\/","title":{"rendered":"Editorial"},"content":{"rendered":"\n<p>\ud83e\uddfc  <em>El recorte que nos sale caro<\/em><\/p>\n\n\n\n<blockquote class=\"wp-block-quote is-layout-flow wp-block-quote-is-layout-flow\">\n<p>\u201cNo hay peor inversi\u00f3n que cortar la salud de quien trabaja. Salvo una: creerse que eso no nos va a alcanzar a todos.\u201d<\/p>\n<\/blockquote>\n\n\n\n<p>Millones de ciudadanos est\u00e1n por quedar fuera del sistema de salud porque alguien \u2014con traje caro y coraz\u00f3n barato\u2014 decidi\u00f3 que \u201cno hay plata\u201d.<\/p>\n\n\n\n<p>\u00bfLa soluci\u00f3n? El bistur\u00ed presupuestario.<br>\u00bfEl diagn\u00f3stico? D\u00e9ficit.<br>\u00bfEl efecto secundario? Ni\u00f1os sin pediatra. Madres sin chequeo. Ancianos sin respiro.<\/p>\n\n\n\n<p>Nos dicen que hay que elegir entre cuidar al pa\u00eds o cuidar a los pobres. Como si fueran cosas distintas. Como si un pa\u00eds sin pobres cuidados pudiera llamarse civilizado.<\/p>\n\n\n\n<p>Aqu\u00ed no hay \u201cmilagros de mercado\u201d. Hay pol\u00edticos que regalan impuestos a gigantes y luego piden austeridad a quien vive con una comida menos por semana.<\/p>\n\n\n\n<p>\u00bfQuer\u00e9s saber lo que realmente nos sale caro? El cinismo.<br>Y la cobard\u00eda de no enfrentarlo a tiempo.<\/p>\n\n\n\n<p>Este Caj\u00f3n de Jab\u00f3n no es un p\u00falpito, ni una tribuna partidaria.<br>Es un lugar de palabra libre, donde las voces que no caben en los titulares puedan alzarse sin permiso.<\/p>\n\n\n\n<p>Hoy empezamos hablando de salud. Pero no solo de hospitales.<br>Hablamos de ese derecho m\u00ednimo a no ser descartado por falta de cobertura, de ingresos o de edad.<\/p>\n\n\n\n<p>Porque si permitimos que eso se normalice, no es solo el sistema de salud lo que se rompe.<br>Es el pacto entre personas que quieren vivir juntas y no solo sobrevivir.<\/p>\n\n\n\n<p>As\u00ed que bienvenidos.<br>Suban si quieren.<br>El micr\u00f3fono es de ustedes.<br>Y el silencio, tambi\u00e9n.<\/p>\n\n\n<p><small>\u00a9 2025 SoapboxOrators.org \u2013 All Rights Reserved \u2013 SalaStampa.eu, world press service <br \/> Guzzo Photos &#038; Graphic Publications \u2013 Registro Editori e Stampatori n. 1441, Turin, Italy<\/small><\/p>","protected":false},"excerpt":{"rendered":"<p>\ud83e\uddfc El recorte que nos sale caro \u201cNo hay peor inversi\u00f3n que cortar la salud de quien trabaja. Salvo una: creerse que eso no nos&#8230;<\/p>\n","protected":false},"author":1,"featured_media":0,"parent":0,"menu_order":0,"comment_status":"closed","ping_status":"closed","template":"","meta":{"footnotes":"","_links_to":"","_links_to_target":""},"class_list":["post-17","page","type-page","status-publish","hentry","entry","double"],"yoast_head":"<!-- This site is optimized with the Yoast SEO plugin v27.3 - https:\/\/yoast.com\/product\/yoast-seo-wordpress\/ -->\n<title>Editorial - SoapBoxOrators.org<\/title>\n<meta name=\"robots\" content=\"noindex, follow, max-snippet:-1, max-image-preview:large, max-video-preview:-1\" \/>\n<meta property=\"og:locale\" content=\"es_ES\" \/>\n<meta property=\"og:type\" content=\"article\" \/>\n<meta property=\"og:title\" content=\"Editorial - SoapBoxOrators.org\" \/>\n<meta property=\"og:description\" content=\"\ud83e\uddfc El recorte que nos sale caro \u201cNo hay peor inversi\u00f3n que cortar la salud de quien trabaja. Salvo una: creerse que eso no nos&#8230;\" \/>\n<meta property=\"og:url\" content=\"https:\/\/soapboxorators.org\/news\/editorial\/\" \/>\n<meta property=\"og:site_name\" content=\"SoapBoxOrators.org\" \/>\n<meta property=\"article:modified_time\" content=\"2025-08-28T07:35:31+00:00\" \/>\n<meta name=\"twitter:card\" content=\"summary_large_image\" \/>\n<meta name=\"twitter:label1\" content=\"Tiempo de lectura\" \/>\n\t<meta name=\"twitter:data1\" content=\"2 minutos\" \/>\n<script type=\"application\/ld+json\" class=\"yoast-schema-graph\">{\"@context\":\"https:\\\/\\\/schema.org\",\"@graph\":[{\"@type\":\"WebPage\",\"@id\":\"https:\\\/\\\/soapboxorators.org\\\/news\\\/editorial\\\/\",\"url\":\"https:\\\/\\\/soapboxorators.org\\\/news\\\/editorial\\\/\",\"name\":\"Editorial - SoapBoxOrators.org\",\"isPartOf\":{\"@id\":\"https:\\\/\\\/soapboxorators.org\\\/news\\\/#website\"},\"datePublished\":\"2025-06-19T15:52:32+00:00\",\"dateModified\":\"2025-08-28T07:35:31+00:00\",\"breadcrumb\":{\"@id\":\"https:\\\/\\\/soapboxorators.org\\\/news\\\/editorial\\\/#breadcrumb\"},\"inLanguage\":\"es-AR\",\"potentialAction\":[{\"@type\":\"ReadAction\",\"target\":[\"https:\\\/\\\/soapboxorators.org\\\/news\\\/editorial\\\/\"]}]},{\"@type\":\"BreadcrumbList\",\"@id\":\"https:\\\/\\\/soapboxorators.org\\\/news\\\/editorial\\\/#breadcrumb\",\"itemListElement\":[{\"@type\":\"ListItem\",\"position\":1,\"name\":\"Inicio\",\"item\":\"https:\\\/\\\/soapboxorators.org\\\/news\\\/\"},{\"@type\":\"ListItem\",\"position\":2,\"name\":\"Editorial\"}]},{\"@type\":\"WebSite\",\"@id\":\"https:\\\/\\\/soapboxorators.org\\\/news\\\/#website\",\"url\":\"https:\\\/\\\/soapboxorators.org\\\/news\\\/\",\"name\":\"SoapBoxOrators.org\",\"description\":\"Plataforma de Oradores - Piattaforma di Oratori-  \u6f14\u8bb2\u8005\u5e73\u53f0 - \u0645\u0646\u0635\u0629 \u0627\u0644\u0645\u062a\u062d\u062f\u062b\u064a\u0646 - \u09ac\u0995\u09cd\u09a4\u09be\u09a6\u09c7\u09b0 \u09aa\u09cd\u09b2\u09cd\u09af\u09be\u099f\u09ab\u09b0\u09cd\u09ae\",\"publisher\":{\"@id\":\"https:\\\/\\\/soapboxorators.org\\\/news\\\/#organization\"},\"potentialAction\":[{\"@type\":\"SearchAction\",\"target\":{\"@type\":\"EntryPoint\",\"urlTemplate\":\"https:\\\/\\\/soapboxorators.org\\\/news\\\/?s={search_term_string}\"},\"query-input\":{\"@type\":\"PropertyValueSpecification\",\"valueRequired\":true,\"valueName\":\"search_term_string\"}}],\"inLanguage\":\"es-AR\"},{\"@type\":\"Organization\",\"@id\":\"https:\\\/\\\/soapboxorators.org\\\/news\\\/#organization\",\"name\":\"Guzzo Photos & Graphic Publications\",\"url\":\"https:\\\/\\\/soapboxorators.org\\\/news\\\/\",\"logo\":{\"@type\":\"ImageObject\",\"inLanguage\":\"es-AR\",\"@id\":\"https:\\\/\\\/soapboxorators.org\\\/news\\\/#\\\/schema\\\/logo\\\/image\\\/\",\"url\":\"https:\\\/\\\/soapboxorators.org\\\/news\\\/wp-content\\\/uploads\\\/2025\\\/08\\\/soapboxorators_520.png\",\"contentUrl\":\"https:\\\/\\\/soapboxorators.org\\\/news\\\/wp-content\\\/uploads\\\/2025\\\/08\\\/soapboxorators_520.png\",\"width\":520,\"height\":50,\"caption\":\"Guzzo Photos & Graphic Publications\"},\"image\":{\"@id\":\"https:\\\/\\\/soapboxorators.org\\\/news\\\/#\\\/schema\\\/logo\\\/image\\\/\"}}]}<\/script>\n<!-- \/ Yoast SEO plugin. -->","yoast_head_json":{"title":"Editorial - SoapBoxOrators.org","robots":{"index":"noindex","follow":"follow","max-snippet":"max-snippet:-1","max-image-preview":"max-image-preview:large","max-video-preview":"max-video-preview:-1"},"og_locale":"es_ES","og_type":"article","og_title":"Editorial - SoapBoxOrators.org","og_description":"\ud83e\uddfc El recorte que nos sale caro \u201cNo hay peor inversi\u00f3n que cortar la salud de quien trabaja. Salvo una: creerse que eso no nos&#8230;","og_url":"https:\/\/soapboxorators.org\/news\/editorial\/","og_site_name":"SoapBoxOrators.org","article_modified_time":"2025-08-28T07:35:31+00:00","twitter_card":"summary_large_image","twitter_misc":{"Tiempo de lectura":"2 minutos"},"schema":{"@context":"https:\/\/schema.org","@graph":[{"@type":"WebPage","@id":"https:\/\/soapboxorators.org\/news\/editorial\/","url":"https:\/\/soapboxorators.org\/news\/editorial\/","name":"Editorial - SoapBoxOrators.org","isPartOf":{"@id":"https:\/\/soapboxorators.org\/news\/#website"},"datePublished":"2025-06-19T15:52:32+00:00","dateModified":"2025-08-28T07:35:31+00:00","breadcrumb":{"@id":"https:\/\/soapboxorators.org\/news\/editorial\/#breadcrumb"},"inLanguage":"es-AR","potentialAction":[{"@type":"ReadAction","target":["https:\/\/soapboxorators.org\/news\/editorial\/"]}]},{"@type":"BreadcrumbList","@id":"https:\/\/soapboxorators.org\/news\/editorial\/#breadcrumb","itemListElement":[{"@type":"ListItem","position":1,"name":"Inicio","item":"https:\/\/soapboxorators.org\/news\/"},{"@type":"ListItem","position":2,"name":"Editorial"}]},{"@type":"WebSite","@id":"https:\/\/soapboxorators.org\/news\/#website","url":"https:\/\/soapboxorators.org\/news\/","name":"SoapBoxOrators.org","description":"Plataforma de Oradores - Piattaforma di Oratori-  \u6f14\u8bb2\u8005\u5e73\u53f0 - \u0645\u0646\u0635\u0629 \u0627\u0644\u0645\u062a\u062d\u062f\u062b\u064a\u0646 - \u09ac\u0995\u09cd\u09a4\u09be\u09a6\u09c7\u09b0 \u09aa\u09cd\u09b2\u09cd\u09af\u09be\u099f\u09ab\u09b0\u09cd\u09ae","publisher":{"@id":"https:\/\/soapboxorators.org\/news\/#organization"},"potentialAction":[{"@type":"SearchAction","target":{"@type":"EntryPoint","urlTemplate":"https:\/\/soapboxorators.org\/news\/?s={search_term_string}"},"query-input":{"@type":"PropertyValueSpecification","valueRequired":true,"valueName":"search_term_string"}}],"inLanguage":"es-AR"},{"@type":"Organization","@id":"https:\/\/soapboxorators.org\/news\/#organization","name":"Guzzo Photos & Graphic Publications","url":"https:\/\/soapboxorators.org\/news\/","logo":{"@type":"ImageObject","inLanguage":"es-AR","@id":"https:\/\/soapboxorators.org\/news\/#\/schema\/logo\/image\/","url":"https:\/\/soapboxorators.org\/news\/wp-content\/uploads\/2025\/08\/soapboxorators_520.png","contentUrl":"https:\/\/soapboxorators.org\/news\/wp-content\/uploads\/2025\/08\/soapboxorators_520.png","width":520,"height":50,"caption":"Guzzo Photos & Graphic Publications"},"image":{"@id":"https:\/\/soapboxorators.org\/news\/#\/schema\/logo\/image\/"}}]}},"_links":{"self":[{"href":"https:\/\/soapboxorators.org\/news\/wp-json\/wp\/v2\/pages\/17","targetHints":{"allow":["GET"]}}],"collection":[{"href":"https:\/\/soapboxorators.org\/news\/wp-json\/wp\/v2\/pages"}],"about":[{"href":"https:\/\/soapboxorators.org\/news\/wp-json\/wp\/v2\/types\/page"}],"author":[{"embeddable":true,"href":"https:\/\/soapboxorators.org\/news\/wp-json\/wp\/v2\/users\/1"}],"replies":[{"embeddable":true,"href":"https:\/\/soapboxorators.org\/news\/wp-json\/wp\/v2\/comments?post=17"}],"version-history":[{"count":0,"href":"https:\/\/soapboxorators.org\/news\/wp-json\/wp\/v2\/pages\/17\/revisions"}],"wp:attachment":[{"href":"https:\/\/soapboxorators.org\/news\/wp-json\/wp\/v2\/media?parent=17"}],"curies":[{"name":"wp","href":"https:\/\/api.w.org\/{rel}","templated":true}]}}